{"id":263,"date":"2022-04-04T17:38:23","date_gmt":"2022-04-04T15:38:23","guid":{"rendered":"https:\/\/thebranddispatch.com\/?page_id=263"},"modified":"2022-04-04T18:08:26","modified_gmt":"2022-04-04T16:08:26","slug":"the-brand-dispatch-2","status":"publish","type":"page","link":"https:\/\/thebranddispatch.com\/index.php\/the-brand-dispatch-2\/","title":{"rendered":"\u00c0 PROPOS"},"content":{"rendered":"\t\t<div data-elementor-type=\"wp-page\" data-elementor-id=\"263\" class=\"elementor elementor-263\" data-elementor-settings=\"[]\">\n\t\t\t\t\t\t\t<div class=\"elementor-section-wrap\">\n\t\t\t\t\t\t\t<section class=\"elementor-section elementor-top-section elementor-element elementor-element-7a79f214 elementor-section-boxed elementor-section-height-default elementor-section-height-default\" data-id=\"7a79f214\" data-element_type=\"section\" data-settings=\"{&quot;background_background&quot;:&quot;classic&quot;}\">\n\t\t\t\t\t\t<div class=\"elementor-container elementor-column-gap-default\">\n\t\t\t\t\t<div class=\"elementor-column elementor-col-100 elementor-top-column elementor-element elementor-element-54415a31\" data-id=\"54415a31\" data-element_type=\"column\">\n\t\t\t<div class=\"elementor-widget-wrap elementor-element-populated\">\n\t\t\t\t\t\t\t\t<div class=\"elementor-element elementor-element-765a4630 elementor-widget elementor-widget-image\" data-id=\"765a4630\" data-element_type=\"widget\" data-widget_type=\"image.default\">\n\t\t\t\t<div class=\"elementor-widget-container\">\n\t\t\t\t\t<div class=\"elementor-image\">\n\t\t\t\t\t\t\t\t\t\t<img width=\"400\" height=\"320\" src=\"https:\/\/thebranddispatch.com\/wp-content\/uploads\/2022\/04\/THE_BRAND_DISPATCH_LOGO_noir-2.png\" class=\"attachment-blacksilver-gridblock-large-portrait size-blacksilver-gridblock-large-portrait\" alt=\"\" loading=\"lazy\" srcset=\"https:\/\/thebranddispatch.com\/wp-content\/uploads\/2022\/04\/THE_BRAND_DISPATCH_LOGO_noir-2.png 400w, https:\/\/thebranddispatch.com\/wp-content\/uploads\/2022\/04\/THE_BRAND_DISPATCH_LOGO_noir-2-300x240.png 300w\" sizes=\"(max-width: 400px) 100vw, 400px\" \/>\t\t\t\t\t\t\t\t\t\t\t<\/div>\n\t\t\t\t<\/div>\n\t\t\t\t<\/div>\n\t\t\t\t\t<\/div>\n\t\t<\/div>\n\t\t\t\t\t\t\t<\/div>\n\t\t<\/section>\n\t\t\t\t<section class=\"elementor-section elementor-top-section elementor-element elementor-element-92dc8a0 elementor-section-boxed elementor-section-height-default elementor-section-height-default\" data-id=\"92dc8a0\" data-element_type=\"section\">\n\t\t\t\t\t\t<div class=\"elementor-container elementor-column-gap-default\">\n\t\t\t\t\t<div class=\"elementor-column elementor-col-100 elementor-top-column elementor-element elementor-element-f1df5d6\" data-id=\"f1df5d6\" data-element_type=\"column\">\n\t\t\t<div class=\"elementor-widget-wrap elementor-element-populated\">\n\t\t\t\t\t\t\t\t<div class=\"elementor-element elementor-element-a202034 elementor-widget elementor-widget-spacer\" data-id=\"a202034\" data-element_type=\"widget\" data-widget_type=\"spacer.default\">\n\t\t\t\t<div class=\"elementor-widget-container\">\n\t\t\t\t\t<div class=\"elementor-spacer\">\n\t\t\t<div class=\"elementor-spacer-inner\"><\/div>\n\t\t<\/div>\n\t\t\t\t<\/div>\n\t\t\t\t<\/div>\n\t\t\t\t<div class=\"elementor-element elementor-element-4d45bde elementor-widget elementor-widget-heading\" data-id=\"4d45bde\" data-element_type=\"widget\" data-widget_type=\"heading.default\">\n\t\t\t\t<div class=\"elementor-widget-container\">\n\t\t\t<h2 class=\"elementor-heading-title elementor-size-default\">L'\u00e9nergie collective d'une communaut\u00e9 de talents<\/h2>\t\t<\/div>\n\t\t\t\t<\/div>\n\t\t\t\t<div class=\"elementor-element elementor-element-61637e2 elementor-widget elementor-widget-text-editor\" data-id=\"61637e2\" data-element_type=\"widget\" data-widget_type=\"text-editor.default\">\n\t\t\t\t<div class=\"elementor-widget-container\">\n\t\t\t\t\t<div class=\"elementor-text-editor elementor-clearfix\"><div class=\"\"><div class=\"\"><span style=\"font-size: 16px; letter-spacing: 0px;\">Chez The Brand Dispatch*, nous croyons plus que tout \u00e0 la force de l&rsquo;intelligence collective et cultivons l&rsquo;art de la coop\u00e9ration et de la compl\u00e9mentarit\u00e9.<\/span><\/div><\/div><div class=\"\"><span style=\"font-size: 16px; letter-spacing: 0px;\">Ici, chaque personne \u00e0 son p\u00e9rim\u00e8tre de comp\u00e9tences et r\u00e9pond \u00e0 un besoin pr\u00e9cis et utile pour la mise en oeuvre d&rsquo;un projet.\u00a0Ni plus, ni moins.<\/span><\/div><div class=\"\"><p><span style=\"font-size: 16px; letter-spacing: 0px;\">Notre collectif, v\u00e9ritable viviers de cr\u00e9atifs talentueux, valorise l\u2019\u00e9nergie f\u00e9d\u00e9ratrice d&rsquo;\u00e9quipes compl\u00e9mentaires.<br \/>Ces \u00e9cosyst\u00e8mes agiles permettent de r\u00e9pondre au mieux aux nouveaux enjeux de production de contenu.<\/span><\/p><\/div><\/div>\n\t\t\t\t<\/div>\n\t\t\t\t<\/div>\n\t\t\t\t<div class=\"elementor-element elementor-element-2695493 elementor-widget elementor-widget-text-editor\" data-id=\"2695493\" data-element_type=\"widget\" data-widget_type=\"text-editor.default\">\n\t\t\t\t<div class=\"elementor-widget-container\">\n\t\t\t\t\t<div class=\"elementor-text-editor elementor-clearfix\"><div class=\"\"><div class=\"\"><span style=\"font-size: 16px; letter-spacing: 0px;\">*La communaut\u00e9 TBD comprend : directeurs artistiques, photographes, vid\u00e9astes, graphistes, illustrateurs,<br \/>designers sonore,\u00a0r\u00e9dacteurs, directeur de production, set designer.<\/span><\/div><\/div><div>\u00a0<\/div><div>\u00a0<\/div><div class=\"\"><div class=\"\">Karoline Bothorel<\/div><\/div><div>join@thebranddispatch.com<br \/>+33 6 89 88 68 89<\/div><\/div>\n\t\t\t\t<\/div>\n\t\t\t\t<\/div>\n\t\t\t\t\t<\/div>\n\t\t<\/div>\n\t\t\t\t\t\t\t<\/div>\n\t\t<\/section>\n\t\t\t\t\t\t<\/div>\n\t\t\t\t\t<\/div>\n\t\t","protected":false},"excerpt":{"rendered":"<p>L&rsquo;\u00e9nergie collective d&rsquo;une communaut\u00e9 de talents Chez The Brand Dispatch*, nous croyons plus que tout \u00e0 la force de l&rsquo;intelligence collective et cultivons l&rsquo;art de la coop\u00e9ration et de la compl\u00e9mentarit\u00e9.Ici, chaque personne \u00e0 son p\u00e9rim\u00e8tre de comp\u00e9tences et r\u00e9pond \u00e0 un besoin pr\u00e9cis et utile pour la mise en oeuvre d&rsquo;un projet.\u00a0Ni plus, ni moins. Notre collectif, v\u00e9ritable viviers de cr\u00e9atifs talentueux, valorise l\u2019\u00e9nergie f\u00e9d\u00e9ratrice d&rsquo;\u00e9quipes compl\u00e9mentaires.Ces \u00e9cosyst\u00e8mes agiles permettent de r\u00e9pondre au mieux aux nouveaux enjeux de production [&hellip;]<\/p>\n","protected":false},"author":1,"featured_media":0,"parent":0,"menu_order":0,"comment_status":"closed","ping_status":"closed","template":"","meta":[],"_links":{"self":[{"href":"https:\/\/thebranddispatch.com\/index.php\/wp-json\/wp\/v2\/pages\/263"}],"collection":[{"href":"https:\/\/thebranddispatch.com\/index.php\/wp-json\/wp\/v2\/pages"}],"about":[{"href":"https:\/\/thebranddispatch.com\/index.php\/wp-json\/wp\/v2\/types\/page"}],"author":[{"embeddable":true,"href":"https:\/\/thebranddispatch.com\/index.php\/wp-json\/wp\/v2\/users\/1"}],"replies":[{"embeddable":true,"href":"https:\/\/thebranddispatch.com\/index.php\/wp-json\/wp\/v2\/comments?post=263"}],"version-history":[{"count":34,"href":"https:\/\/thebranddispatch.com\/index.php\/wp-json\/wp\/v2\/pages\/263\/revisions"}],"predecessor-version":[{"id":307,"href":"https:\/\/thebranddispatch.com\/index.php\/wp-json\/wp\/v2\/pages\/263\/revisions\/307"}],"wp:attachment":[{"href":"https:\/\/thebranddispatch.com\/index.php\/wp-json\/wp\/v2\/media?parent=263"}],"curies":[{"name":"wp","href":"https:\/\/api.w.org\/{rel}","templated":true}]}}